{"id":967,"date":"2016-09-27T14:50:36","date_gmt":"2016-09-27T14:50:36","guid":{"rendered":"http:\/\/themedemo.me\/infinity\/?page_id=967"},"modified":"2020-04-29T06:47:29","modified_gmt":"2020-04-29T06:47:29","slug":"escoba-2","status":"publish","type":"page","link":"https:\/\/museodelaprecariedad.cjex.org\/index.php\/coleccion\/escoba-2\/","title":{"rendered":"Escoba sobre lienz0"},"content":{"rendered":"\n<figure class=\"wp-block-image size-large\"><img loading=\"lazy\" decoding=\"async\" width=\"1024\" height=\"1021\" src=\"https:\/\/museodelaprecariedad.cjex.org\/wp-content\/uploads\/2020\/04\/ESCOBA-1-1024x1021.png\" alt=\"\" class=\"wp-image-1127\" srcset=\"https:\/\/museodelaprecariedad.cjex.org\/wp-content\/uploads\/2020\/04\/ESCOBA-1-1024x1021.png 1024w, https:\/\/museodelaprecariedad.cjex.org\/wp-content\/uploads\/2020\/04\/ESCOBA-1-300x300.png 300w, https:\/\/museodelaprecariedad.cjex.org\/wp-content\/uploads\/2020\/04\/ESCOBA-1-150x150.png 150w, https:\/\/museodelaprecariedad.cjex.org\/wp-content\/uploads\/2020\/04\/ESCOBA-1-768x766.png 768w, https:\/\/museodelaprecariedad.cjex.org\/wp-content\/uploads\/2020\/04\/ESCOBA-1-75x75.png 75w, https:\/\/museodelaprecariedad.cjex.org\/wp-content\/uploads\/2020\/04\/ESCOBA-1.png 1113w\" sizes=\"auto, (max-width: 1024px) 100vw, 1024px\" \/><\/figure>\n\n\n<p>&nbsp;<\/p>\n<p>#HISTORIA1: <br>Nombre: Mar\u00eda<br>Edad: 22 a\u00f1os.<br>Hosteler\u00eda.<\/p>\n<p>Me llamaron para hacer una entrevista en un bar, fui en ese mismo momento ya que no ten\u00eda nada que hacer. Cuando llegu\u00e9, la encargada me coment\u00f3 la oferta de trabajo, &nbsp;que consist\u00eda en 2 horas de alta al d\u00eda y 600 \u20ac de sueldo al mes, de lunes a s\u00e1bado ambos inclusive, siendo mi hora de entrada 13:30\/14:00 horas hasta la hora de cierre.<br>Se trata de un establecimiento hostelero que se encuentra situado en la calle principal en una ciudad con bastante turismo durante todo el a\u00f1o, es decir, que no hab\u00eda hora de cierre. Un d\u00eda pod\u00eda ser a las 00.00h de la noche y otro a las 5.00 de la ma\u00f1ana. Adem\u00e1s, despu\u00e9s de cerrar, todas las tareas de limpieza eran responsabilidad m\u00eda, mientras encargados jefes, familia y amigos diariamente, miraban mientras se tomaban algo, que yo tambi\u00e9n les tenia que servir y retirar aunque el bar estuviese cerrado y yo estuviese limpiando.<\/p>\n<p>Algunas de las experiencias que tuve es que cuando ya estaba todo barrido, un amigo de mi jefe le dio varias patadas al mont\u00f3n de basura, esparci\u00e9ndola por todo el bar, y ten\u00eda que volver a repetirlo. Otra experiencia es que los d\u00edas de nochebuena y nochevieja, mi horario era de 9,00h. de la ma\u00f1ana a 23,00h. de la noche, cuando lleg\u00f3 la hora cerramos el bar, y cuando yo pensaba que me podr\u00eda ir tuve que limpiar el local<br>Tras varias faltas de respeto a mi trabajo, y hacia mi persona, decid\u00ed abandonar el trabajo, y fue cuando me enter\u00e9 que nunca hab\u00eda estado dada de alta y adem\u00e1s, tras muchas horas de trabajo tan solo me pagaron 300\u20ac. Decid\u00ed coger este trabajo porque es la \u00fanica opci\u00f3n que ten\u00eda, era eso o no trabajar.<\/p>","protected":false},"excerpt":{"rendered":"<p>&nbsp; #HISTORIA1: Nombre: Mar\u00edaEdad: 22 a\u00f1os.Hosteler\u00eda. Me llamaron para hacer una entrevista en un bar, fui en ese mismo momento ya que no ten\u00eda nada que hacer. Cuando llegu\u00e9, la encargada me coment\u00f3 la oferta de trabajo, &nbsp;que consist\u00eda en 2 horas de alta al d\u00eda y 600 \u20ac de sueldo al mes, de lunes [&hellip;]<\/p>\n","protected":false},"author":1,"featured_media":1127,"parent":533,"menu_order":0,"comment_status":"closed","ping_status":"closed","template":"","meta":{"_genesis_hide_title":false,"_genesis_hide_breadcrumbs":false,"_genesis_hide_singular_image":false,"_genesis_hide_footer_widgets":false,"_genesis_custom_body_class":"","_genesis_custom_post_class":"","_genesis_layout":"full-width-content","footnotes":""},"class_list":{"0":"post-967","1":"page","2":"type-page","3":"status-publish","4":"has-post-thumbnail","6":"entry"},"_links":{"self":[{"href":"https:\/\/museodelaprecariedad.cjex.org\/index.php\/wp-json\/wp\/v2\/pages\/967","targetHints":{"allow":["GET"]}}],"collection":[{"href":"https:\/\/museodelaprecariedad.cjex.org\/index.php\/wp-json\/wp\/v2\/pages"}],"about":[{"href":"https:\/\/museodelaprecariedad.cjex.org\/index.php\/wp-json\/wp\/v2\/types\/page"}],"author":[{"embeddable":true,"href":"https:\/\/museodelaprecariedad.cjex.org\/index.php\/wp-json\/wp\/v2\/users\/1"}],"replies":[{"embeddable":true,"href":"https:\/\/museodelaprecariedad.cjex.org\/index.php\/wp-json\/wp\/v2\/comments?post=967"}],"version-history":[{"count":5,"href":"https:\/\/museodelaprecariedad.cjex.org\/index.php\/wp-json\/wp\/v2\/pages\/967\/revisions"}],"predecessor-version":[{"id":1183,"href":"https:\/\/museodelaprecariedad.cjex.org\/index.php\/wp-json\/wp\/v2\/pages\/967\/revisions\/1183"}],"up":[{"embeddable":true,"href":"https:\/\/museodelaprecariedad.cjex.org\/index.php\/wp-json\/wp\/v2\/pages\/533"}],"wp:featuredmedia":[{"embeddable":true,"href":"https:\/\/museodelaprecariedad.cjex.org\/index.php\/wp-json\/wp\/v2\/media\/1127"}],"wp:attachment":[{"href":"https:\/\/museodelaprecariedad.cjex.org\/index.php\/wp-json\/wp\/v2\/media?parent=967"}],"curies":[{"name":"wp","href":"https:\/\/api.w.org\/{rel}","templated":true}]}}