{"id":1301,"date":"2020-07-28T07:25:33","date_gmt":"2020-07-28T07:25:33","guid":{"rendered":"https:\/\/museodelaprecariedad.cjex.org\/?page_id=1301"},"modified":"2020-07-28T07:25:33","modified_gmt":"2020-07-28T07:25:33","slug":"baraja-espanola-sin-oros","status":"publish","type":"page","link":"https:\/\/museodelaprecariedad.cjex.org\/index.php\/coleccion\/baraja-espanola-sin-oros\/","title":{"rendered":"Baraja Espa\u00f1ola Sin Oros"},"content":{"rendered":"<p><img loading=\"lazy\" decoding=\"async\" class=\"size-full wp-image-1302 aligncenter\" src=\"https:\/\/museodelaprecariedad.cjex.org\/wp-content\/uploads\/2020\/07\/museo-precariedad-baraja-sin-oros.jpg\" alt=\"\" width=\"1113\" height=\"1110\" srcset=\"https:\/\/museodelaprecariedad.cjex.org\/wp-content\/uploads\/2020\/07\/museo-precariedad-baraja-sin-oros.jpg 1113w, https:\/\/museodelaprecariedad.cjex.org\/wp-content\/uploads\/2020\/07\/museo-precariedad-baraja-sin-oros-300x300.jpg 300w, https:\/\/museodelaprecariedad.cjex.org\/wp-content\/uploads\/2020\/07\/museo-precariedad-baraja-sin-oros-1024x1021.jpg 1024w, https:\/\/museodelaprecariedad.cjex.org\/wp-content\/uploads\/2020\/07\/museo-precariedad-baraja-sin-oros-150x150.jpg 150w, https:\/\/museodelaprecariedad.cjex.org\/wp-content\/uploads\/2020\/07\/museo-precariedad-baraja-sin-oros-768x766.jpg 768w, https:\/\/museodelaprecariedad.cjex.org\/wp-content\/uploads\/2020\/07\/museo-precariedad-baraja-sin-oros-75x75.jpg 75w\" sizes=\"auto, (max-width: 1113px) 100vw, 1113px\" \/><\/p>\n<p>&nbsp;<\/p>\n<p>Tengo 30 a\u00f1os, soy consumidora de la formaci\u00f3n p\u00fablica y soy de esas personas a las que se le vendi\u00f3 que si te esfuerzas y te formas, tendr\u00e1s un futuro. Durante 10 a\u00f1os he recorrido Extremadura, form\u00e1ndome, trabajando y \u00e9ste es el resultado:<\/p>\n<p>\u201cEl trabajo es trabajo\u201d- Dec\u00edan. Precario, mal pagado, y muchas veces sin registrar pero ayuda a llevar dinero a casa. A d\u00eda de hoy, mi cotizaci\u00f3n es un chiste, las categor\u00edas laborales nada tienen que ver con el puesto desempe\u00f1ado (o con esos estudios que tanto costaron), las jornadas de trabajo ni se parecen a las de la ley y jam\u00e1s he sido mileurista, pero s\u00ed s\u00e9 lo que es trabajar como uno.<br \/>\n\u201cEl voluntariado te ayuda a ganar experiencia\u201d- Dec\u00edan. Tengo una gran experiencia en mi sector, he trabajado y desarrollado mis habilidades y conocimientos aprendidos, realmente los trabajos que m\u00e1s feliz me han hecho y en los que he sentido que era una ciudadana \u00fatil y activa para mi comunidad. En una d\u00e9cada nadie ha tenido esa experiencia en cuenta a la hora de obtener un trabajo, por mucho que los departamentos de orientaci\u00f3n laboral te digan que es experiencia, no lo es. El sistema no la contempla, ni le da valor.<br \/>\n\u201cEl emprendimiento es el nuevo futuro\u201d- Dicen. Aqu\u00ed viene la respuesta para generaci\u00f3n mejor preparada de la historia. Coge toda tu energ\u00eda, tiempo, conocimientos y el dinero que invertiste en tu futuro y dobla la apuesta (si a\u00fan no has empezado, est\u00e1s a tiempo de hacerlo bien). Busca dinero, de tu familia, amigos, entidades varias (que se ganan la vida gracias a gente que no tiene dinero), saca dinero de donde sea, y ju\u00e9gatelo todo a una carta. Nos Piden que generemos nuestro propio trabajo. Con suerte, te arreglas la vida, no jodes al resto y de paso generas otros puestos de trabajo, y as\u00ed le arreglas el futuro a los que no pueden darnos un presente.<\/p>\n","protected":false},"excerpt":{"rendered":"<p>&nbsp; Tengo 30 a\u00f1os, soy consumidora de la formaci\u00f3n p\u00fablica y soy de esas personas a las que se le vendi\u00f3 que si te esfuerzas y te formas, tendr\u00e1s un futuro. Durante 10 a\u00f1os he recorrido Extremadura, form\u00e1ndome, trabajando y \u00e9ste es el resultado: \u201cEl trabajo es trabajo\u201d- Dec\u00edan. Precario, mal pagado, y muchas veces [&hellip;]<\/p>\n","protected":false},"author":1,"featured_media":0,"parent":533,"menu_order":1,"comment_status":"closed","ping_status":"closed","template":"","meta":{"_genesis_hide_title":false,"_genesis_hide_breadcrumbs":false,"_genesis_hide_singular_image":false,"_genesis_hide_footer_widgets":false,"_genesis_custom_body_class":"","_genesis_custom_post_class":"","_genesis_layout":"","footnotes":""},"class_list":{"0":"post-1301","1":"page","2":"type-page","3":"status-publish","5":"entry"},"_links":{"self":[{"href":"https:\/\/museodelaprecariedad.cjex.org\/index.php\/wp-json\/wp\/v2\/pages\/1301","targetHints":{"allow":["GET"]}}],"collection":[{"href":"https:\/\/museodelaprecariedad.cjex.org\/index.php\/wp-json\/wp\/v2\/pages"}],"about":[{"href":"https:\/\/museodelaprecariedad.cjex.org\/index.php\/wp-json\/wp\/v2\/types\/page"}],"author":[{"embeddable":true,"href":"https:\/\/museodelaprecariedad.cjex.org\/index.php\/wp-json\/wp\/v2\/users\/1"}],"replies":[{"embeddable":true,"href":"https:\/\/museodelaprecariedad.cjex.org\/index.php\/wp-json\/wp\/v2\/comments?post=1301"}],"version-history":[{"count":1,"href":"https:\/\/museodelaprecariedad.cjex.org\/index.php\/wp-json\/wp\/v2\/pages\/1301\/revisions"}],"predecessor-version":[{"id":1303,"href":"https:\/\/museodelaprecariedad.cjex.org\/index.php\/wp-json\/wp\/v2\/pages\/1301\/revisions\/1303"}],"up":[{"embeddable":true,"href":"https:\/\/museodelaprecariedad.cjex.org\/index.php\/wp-json\/wp\/v2\/pages\/533"}],"wp:attachment":[{"href":"https:\/\/museodelaprecariedad.cjex.org\/index.php\/wp-json\/wp\/v2\/media?parent=1301"}],"curies":[{"name":"wp","href":"https:\/\/api.w.org\/{rel}","templated":true}]}}