{"id":1269,"date":"2020-05-04T05:28:22","date_gmt":"2020-05-04T05:28:22","guid":{"rendered":"https:\/\/museodelaprecariedad.cjex.org\/?page_id=1269"},"modified":"2020-05-04T05:30:53","modified_gmt":"2020-05-04T05:30:53","slug":"botas-de-futbol-no-grabado-sobre-papel","status":"publish","type":"page","link":"https:\/\/museodelaprecariedad.cjex.org\/index.php\/coleccion\/botas-de-futbol-no-grabado-sobre-papel\/","title":{"rendered":"Botas de f\u00fatbol no grabado sobre papel"},"content":{"rendered":"<p><img loading=\"lazy\" decoding=\"async\" class=\"wp-image-1273 size-full aligncenter\" src=\"https:\/\/museodelaprecariedad.cjex.org\/wp-content\/uploads\/2020\/05\/futbolistas-precariedad-museo-1.jpg\" alt=\"\" width=\"1113\" height=\"1110\" srcset=\"https:\/\/museodelaprecariedad.cjex.org\/wp-content\/uploads\/2020\/05\/futbolistas-precariedad-museo-1.jpg 1113w, https:\/\/museodelaprecariedad.cjex.org\/wp-content\/uploads\/2020\/05\/futbolistas-precariedad-museo-1-300x300.jpg 300w, https:\/\/museodelaprecariedad.cjex.org\/wp-content\/uploads\/2020\/05\/futbolistas-precariedad-museo-1-1024x1021.jpg 1024w, https:\/\/museodelaprecariedad.cjex.org\/wp-content\/uploads\/2020\/05\/futbolistas-precariedad-museo-1-150x150.jpg 150w, https:\/\/museodelaprecariedad.cjex.org\/wp-content\/uploads\/2020\/05\/futbolistas-precariedad-museo-1-768x766.jpg 768w, https:\/\/museodelaprecariedad.cjex.org\/wp-content\/uploads\/2020\/05\/futbolistas-precariedad-museo-1-75x75.jpg 75w\" sizes=\"auto, (max-width: 1113px) 100vw, 1113px\" \/><\/p>\n<p>Nombre: Paula<br \/>\nEdad 25<\/p>\n<p>Soy una joven extreme\u00f1a y pertenezco a un importante equipo de futbol femenino.<\/p>\n<p>Llevo jugando al f\u00fatbol desde que ten\u00eda 9 a\u00f1os y desde siempre he escuchado palabras como machorra o marimacho en sitios muy distintos&#8230;a veces estos comentarios me los han llegado a hacer \u00e1rbitros o profesores.<br \/>\nPues bien: he ido pasando por diferentes equipos, de fuera y dentro de Extremadura, y a d\u00eda de hoy no he dejado de jugar al f\u00fatbol durante ninguna etapa. Es decir: no es por ser cre\u00edda pero soy bastante buena y profesional. He vivido fuera durante muchos a\u00f1os, en Madrid y en Valladolid, por haber estado en equipos importantes.<\/p>\n<p>Vengo aqu\u00ed a plasmar la siguiente realidad: en mis mismas condiciones, un chico posiblemente podr\u00eda estar ahora mismo dedic\u00e1ndose profesionalmente al f\u00fatbol, incluso en equipos que no tienen por qu\u00e9 ser de primera divisi\u00f3n. En mi caso, por el contrario, ni siquiera me lo pienso, vamos, que no ser\u00eda posible, ni siquiera cuando he estado en equipos de primera divisi\u00f3n he podido vivir solo del f\u00fatbol.<br \/>\nVengo a denunciar publicamente que hay mucho machismo en el mundo del f\u00fatbol y tambi\u00e9n que dentro de nuestra Comunidad Aut\u00f3noma podr\u00eda trabajarse este tema para conseguir que, al menos, los equipos femeninos de aqu\u00ed puedan ir mejorando sus condiciones.<\/p>\n<p>(Tambi\u00e9n he sido entrenadora de equipos muy importantes, en categor\u00edas inferiores, pero femeninos, y lo que me pagaban al mes no superaba los 300 euros (mis compa\u00f1eros que entrenaban a equipos masculinos, recib\u00edan casi 1000).<\/p>\n","protected":false},"excerpt":{"rendered":"<p>Nombre: Paula Edad 25 Soy una joven extreme\u00f1a y pertenezco a un importante equipo de futbol femenino. Llevo jugando al f\u00fatbol desde que ten\u00eda 9 a\u00f1os y desde siempre he escuchado palabras como machorra o marimacho en sitios muy distintos&#8230;a veces estos comentarios me los han llegado a hacer \u00e1rbitros o profesores. Pues bien: he [&hellip;]<\/p>\n","protected":false},"author":1,"featured_media":0,"parent":533,"menu_order":4,"comment_status":"closed","ping_status":"closed","template":"","meta":{"_genesis_hide_title":false,"_genesis_hide_breadcrumbs":false,"_genesis_hide_singular_image":false,"_genesis_hide_footer_widgets":false,"_genesis_custom_body_class":"","_genesis_custom_post_class":"","_genesis_layout":"","footnotes":""},"class_list":{"0":"post-1269","1":"page","2":"type-page","3":"status-publish","5":"entry"},"_links":{"self":[{"href":"https:\/\/museodelaprecariedad.cjex.org\/index.php\/wp-json\/wp\/v2\/pages\/1269","targetHints":{"allow":["GET"]}}],"collection":[{"href":"https:\/\/museodelaprecariedad.cjex.org\/index.php\/wp-json\/wp\/v2\/pages"}],"about":[{"href":"https:\/\/museodelaprecariedad.cjex.org\/index.php\/wp-json\/wp\/v2\/types\/page"}],"author":[{"embeddable":true,"href":"https:\/\/museodelaprecariedad.cjex.org\/index.php\/wp-json\/wp\/v2\/users\/1"}],"replies":[{"embeddable":true,"href":"https:\/\/museodelaprecariedad.cjex.org\/index.php\/wp-json\/wp\/v2\/comments?post=1269"}],"version-history":[{"count":3,"href":"https:\/\/museodelaprecariedad.cjex.org\/index.php\/wp-json\/wp\/v2\/pages\/1269\/revisions"}],"predecessor-version":[{"id":1274,"href":"https:\/\/museodelaprecariedad.cjex.org\/index.php\/wp-json\/wp\/v2\/pages\/1269\/revisions\/1274"}],"up":[{"embeddable":true,"href":"https:\/\/museodelaprecariedad.cjex.org\/index.php\/wp-json\/wp\/v2\/pages\/533"}],"wp:attachment":[{"href":"https:\/\/museodelaprecariedad.cjex.org\/index.php\/wp-json\/wp\/v2\/media?parent=1269"}],"curies":[{"name":"wp","href":"https:\/\/api.w.org\/{rel}","templated":true}]}}