{"id":1266,"date":"2020-05-04T05:17:14","date_gmt":"2020-05-04T05:17:14","guid":{"rendered":"https:\/\/museodelaprecariedad.cjex.org\/?page_id=1266"},"modified":"2020-05-04T05:17:14","modified_gmt":"2020-05-04T05:17:14","slug":"guantes-para-coger-fruta-tecnica-no-mixta","status":"publish","type":"page","link":"https:\/\/museodelaprecariedad.cjex.org\/index.php\/coleccion\/guantes-para-coger-fruta-tecnica-no-mixta\/","title":{"rendered":"Guantes para coger fruta t\u00e9cnica no mixta"},"content":{"rendered":"<p><img loading=\"lazy\" decoding=\"async\" class=\"size-full wp-image-1267 aligncenter\" src=\"https:\/\/museodelaprecariedad.cjex.org\/wp-content\/uploads\/2020\/05\/Museo-precariedad-guantes-coger-fruta.jpg\" alt=\"\" width=\"1113\" height=\"1110\" srcset=\"https:\/\/museodelaprecariedad.cjex.org\/wp-content\/uploads\/2020\/05\/Museo-precariedad-guantes-coger-fruta.jpg 1113w, https:\/\/museodelaprecariedad.cjex.org\/wp-content\/uploads\/2020\/05\/Museo-precariedad-guantes-coger-fruta-300x300.jpg 300w, https:\/\/museodelaprecariedad.cjex.org\/wp-content\/uploads\/2020\/05\/Museo-precariedad-guantes-coger-fruta-1024x1021.jpg 1024w, https:\/\/museodelaprecariedad.cjex.org\/wp-content\/uploads\/2020\/05\/Museo-precariedad-guantes-coger-fruta-150x150.jpg 150w, https:\/\/museodelaprecariedad.cjex.org\/wp-content\/uploads\/2020\/05\/Museo-precariedad-guantes-coger-fruta-768x766.jpg 768w, https:\/\/museodelaprecariedad.cjex.org\/wp-content\/uploads\/2020\/05\/Museo-precariedad-guantes-coger-fruta-75x75.jpg 75w\" sizes=\"auto, (max-width: 1113px) 100vw, 1113px\" \/><\/p>\n<p>Nombre: Mar\u00eda Luisa<br \/>\nEdad: 19<br \/>\nMi historia es la de muchas chicas j\u00f3venes de la parte de las Vegas Altas y de muchos otros lugares en Extremadura. Cada verano, nos llaman para trabajar o bien en empresas que trabajan recolectando y preparando fruta, o bien en las f\u00e1bricas de tomate (esto es si tienes mucha suerte).<br \/>\nEn las primeras, tenemos que sufrir comentarios machistas, y en las segundas vemos como por el hecho de ser mujeres nos siguen poniendo en puestos frecuentemente donde hace m\u00e1s calor y, aunque la fuerza f\u00edsica no sea tan grande, realmente se pasa mal. Es decir, hay mucha segregaci\u00f3n por g\u00e9neros: los hombres est\u00e1n en limpieza, con los toros&#8230;y nosotras en cinta, en cubito o en salsa de tomate.<br \/>\nY digo esto porque aunque la separaci\u00f3n y la condici\u00f3n si eres mujer ha existido siempre, creo que ya va siendo hora de poder superar este machismo y estas barreras.<br \/>\nA esto se le suma que mayoritariamente los \u00abjefes\u00bb de cada parte suelen ser hombres y que los cuchicheos que se escuchan son molestos para todas las mujeres y, en especial, para las mujeres j\u00f3venes.<\/p>\n","protected":false},"excerpt":{"rendered":"<p>Nombre: Mar\u00eda Luisa Edad: 19 Mi historia es la de muchas chicas j\u00f3venes de la parte de las Vegas Altas y de muchos otros lugares en Extremadura. Cada verano, nos llaman para trabajar o bien en empresas que trabajan recolectando y preparando fruta, o bien en las f\u00e1bricas de tomate (esto es si tienes mucha [&hellip;]<\/p>\n","protected":false},"author":1,"featured_media":0,"parent":533,"menu_order":3,"comment_status":"closed","ping_status":"closed","template":"","meta":{"_genesis_hide_title":false,"_genesis_hide_breadcrumbs":false,"_genesis_hide_singular_image":false,"_genesis_hide_footer_widgets":false,"_genesis_custom_body_class":"","_genesis_custom_post_class":"","_genesis_layout":"","footnotes":""},"class_list":{"0":"post-1266","1":"page","2":"type-page","3":"status-publish","5":"entry"},"_links":{"self":[{"href":"https:\/\/museodelaprecariedad.cjex.org\/index.php\/wp-json\/wp\/v2\/pages\/1266","targetHints":{"allow":["GET"]}}],"collection":[{"href":"https:\/\/museodelaprecariedad.cjex.org\/index.php\/wp-json\/wp\/v2\/pages"}],"about":[{"href":"https:\/\/museodelaprecariedad.cjex.org\/index.php\/wp-json\/wp\/v2\/types\/page"}],"author":[{"embeddable":true,"href":"https:\/\/museodelaprecariedad.cjex.org\/index.php\/wp-json\/wp\/v2\/users\/1"}],"replies":[{"embeddable":true,"href":"https:\/\/museodelaprecariedad.cjex.org\/index.php\/wp-json\/wp\/v2\/comments?post=1266"}],"version-history":[{"count":1,"href":"https:\/\/museodelaprecariedad.cjex.org\/index.php\/wp-json\/wp\/v2\/pages\/1266\/revisions"}],"predecessor-version":[{"id":1268,"href":"https:\/\/museodelaprecariedad.cjex.org\/index.php\/wp-json\/wp\/v2\/pages\/1266\/revisions\/1268"}],"up":[{"embeddable":true,"href":"https:\/\/museodelaprecariedad.cjex.org\/index.php\/wp-json\/wp\/v2\/pages\/533"}],"wp:attachment":[{"href":"https:\/\/museodelaprecariedad.cjex.org\/index.php\/wp-json\/wp\/v2\/media?parent=1266"}],"curies":[{"name":"wp","href":"https:\/\/api.w.org\/{rel}","templated":true}]}}