{"id":1261,"date":"2020-05-02T14:27:33","date_gmt":"2020-05-02T14:27:33","guid":{"rendered":"https:\/\/museodelaprecariedad.cjex.org\/?page_id=1261"},"modified":"2020-05-02T14:27:51","modified_gmt":"2020-05-02T14:27:51","slug":"un-sofa","status":"publish","type":"page","link":"https:\/\/museodelaprecariedad.cjex.org\/index.php\/coleccion\/un-sofa\/","title":{"rendered":"Un sof\u00e1"},"content":{"rendered":"<p><img loading=\"lazy\" decoding=\"async\" class=\"size-full wp-image-1262 aligncenter\" src=\"https:\/\/museodelaprecariedad.cjex.org\/wp-content\/uploads\/2020\/05\/museo-precariedad-sofa.jpg\" alt=\"\" width=\"1113\" height=\"1110\" srcset=\"https:\/\/museodelaprecariedad.cjex.org\/wp-content\/uploads\/2020\/05\/museo-precariedad-sofa.jpg 1113w, https:\/\/museodelaprecariedad.cjex.org\/wp-content\/uploads\/2020\/05\/museo-precariedad-sofa-300x300.jpg 300w, https:\/\/museodelaprecariedad.cjex.org\/wp-content\/uploads\/2020\/05\/museo-precariedad-sofa-1024x1021.jpg 1024w, https:\/\/museodelaprecariedad.cjex.org\/wp-content\/uploads\/2020\/05\/museo-precariedad-sofa-150x150.jpg 150w, https:\/\/museodelaprecariedad.cjex.org\/wp-content\/uploads\/2020\/05\/museo-precariedad-sofa-768x766.jpg 768w, https:\/\/museodelaprecariedad.cjex.org\/wp-content\/uploads\/2020\/05\/museo-precariedad-sofa-75x75.jpg 75w\" sizes=\"auto, (max-width: 1113px) 100vw, 1113px\" \/><\/p>\n<p>Nombre: Viktor<br \/>\nEdad: 27<br \/>\nEn una reuni\u00f3n que tuve con una empresa me dijeron a la cara y sin sonrojarse, que era muy generoso por pagarme 600 euros (ni pensar en llegar al SMI), no pude evitar y les contest\u00e9 que si tuvieran suerte ese trabajo lo podr\u00eda hacer alguien por 300 euros (no tuvieron que captar la iron\u00eda) por que el encargado me contest\u00f3 que para estar tirado en un sof\u00e1 el coste beneficio era a\u00fan as\u00ed. Todav\u00eda no s\u00e9 que significa eso. En fin&#8230; tuve que aceptar el trabajo \ud83d\ude41<\/p>\n","protected":false},"excerpt":{"rendered":"<p>Nombre: Viktor Edad: 27 En una reuni\u00f3n que tuve con una empresa me dijeron a la cara y sin sonrojarse, que era muy generoso por pagarme 600 euros (ni pensar en llegar al SMI), no pude evitar y les contest\u00e9 que si tuvieran suerte ese trabajo lo podr\u00eda hacer alguien por 300 euros (no tuvieron [&hellip;]<\/p>\n","protected":false},"author":1,"featured_media":0,"parent":533,"menu_order":8,"comment_status":"closed","ping_status":"closed","template":"","meta":{"_genesis_hide_title":false,"_genesis_hide_breadcrumbs":false,"_genesis_hide_singular_image":false,"_genesis_hide_footer_widgets":false,"_genesis_custom_body_class":"","_genesis_custom_post_class":"","_genesis_layout":"","footnotes":""},"class_list":{"0":"post-1261","1":"page","2":"type-page","3":"status-publish","5":"entry"},"_links":{"self":[{"href":"https:\/\/museodelaprecariedad.cjex.org\/index.php\/wp-json\/wp\/v2\/pages\/1261","targetHints":{"allow":["GET"]}}],"collection":[{"href":"https:\/\/museodelaprecariedad.cjex.org\/index.php\/wp-json\/wp\/v2\/pages"}],"about":[{"href":"https:\/\/museodelaprecariedad.cjex.org\/index.php\/wp-json\/wp\/v2\/types\/page"}],"author":[{"embeddable":true,"href":"https:\/\/museodelaprecariedad.cjex.org\/index.php\/wp-json\/wp\/v2\/users\/1"}],"replies":[{"embeddable":true,"href":"https:\/\/museodelaprecariedad.cjex.org\/index.php\/wp-json\/wp\/v2\/comments?post=1261"}],"version-history":[{"count":1,"href":"https:\/\/museodelaprecariedad.cjex.org\/index.php\/wp-json\/wp\/v2\/pages\/1261\/revisions"}],"predecessor-version":[{"id":1263,"href":"https:\/\/museodelaprecariedad.cjex.org\/index.php\/wp-json\/wp\/v2\/pages\/1261\/revisions\/1263"}],"up":[{"embeddable":true,"href":"https:\/\/museodelaprecariedad.cjex.org\/index.php\/wp-json\/wp\/v2\/pages\/533"}],"wp:attachment":[{"href":"https:\/\/museodelaprecariedad.cjex.org\/index.php\/wp-json\/wp\/v2\/media?parent=1261"}],"curies":[{"name":"wp","href":"https:\/\/api.w.org\/{rel}","templated":true}]}}