{"id":1253,"date":"2020-05-02T10:22:24","date_gmt":"2020-05-02T10:22:24","guid":{"rendered":"https:\/\/museodelaprecariedad.cjex.org\/?page_id=1253"},"modified":"2020-05-18T06:18:39","modified_gmt":"2020-05-18T06:18:39","slug":"uniforme-de-enfermera","status":"publish","type":"page","link":"https:\/\/museodelaprecariedad.cjex.org\/index.php\/coleccion\/uniforme-de-enfermera\/","title":{"rendered":"Uniforme de enfermera"},"content":{"rendered":"<p>&nbsp;<\/p>\n<p><img loading=\"lazy\" decoding=\"async\" class=\"size-full wp-image-1291 aligncenter\" src=\"https:\/\/museodelaprecariedad.cjex.org\/wp-content\/uploads\/2020\/05\/Uniforme-enfermera-museo-precariedad-juvenil-copia.jpg\" alt=\"\" width=\"1113\" height=\"1110\" srcset=\"https:\/\/museodelaprecariedad.cjex.org\/wp-content\/uploads\/2020\/05\/Uniforme-enfermera-museo-precariedad-juvenil-copia.jpg 1113w, https:\/\/museodelaprecariedad.cjex.org\/wp-content\/uploads\/2020\/05\/Uniforme-enfermera-museo-precariedad-juvenil-copia-300x300.jpg 300w, https:\/\/museodelaprecariedad.cjex.org\/wp-content\/uploads\/2020\/05\/Uniforme-enfermera-museo-precariedad-juvenil-copia-1024x1021.jpg 1024w, https:\/\/museodelaprecariedad.cjex.org\/wp-content\/uploads\/2020\/05\/Uniforme-enfermera-museo-precariedad-juvenil-copia-150x150.jpg 150w, https:\/\/museodelaprecariedad.cjex.org\/wp-content\/uploads\/2020\/05\/Uniforme-enfermera-museo-precariedad-juvenil-copia-768x766.jpg 768w, https:\/\/museodelaprecariedad.cjex.org\/wp-content\/uploads\/2020\/05\/Uniforme-enfermera-museo-precariedad-juvenil-copia-75x75.jpg 75w\" sizes=\"auto, (max-width: 1113px) 100vw, 1113px\" \/><\/p>\n<p>Nombre: Pedro<\/p>\n<p>Edad: 25 a\u00f1os<\/p>\n<p>Acab\u00e9 la carrera con 21 a\u00f1os, desde entonces, en estos 4 a\u00f1os y medio que llevo siendo enfermero, he acumulado una veintena de contratos donde el m\u00e1s largo ha sido de 4 meses y por desgracia, fuera de Extremadura. Adem\u00e1s, he trabajado como aut\u00f3nomo durante 3 meses.<\/p>\n<p>Desde que acab\u00e9 la carrera he seguido form\u00e1ndome y me he presentado al examen EIR en varias ocasiones qued\u00e1ndome muy cerca de entrar, por desgracia, la ratio enfermera-plaza en el Eir dista mucho de la realidad de otras profesiones mejor tratadas por la administraci\u00f3n, por lo que solo tenemos una plaza para cada 8 o 9 personas que nos presentamos al examen.<\/p>\n<p>Siendo consciente de que mi futuro en Extremadura no es nada prometedor y con la intenci\u00f3n de rentabilizar mis horas de estudio, me he presentado a procesos de concurso-oposici\u00f3n de 4 comunidades diferentes, aprobando todas ellas pero sin obtener plaza ya que no cuento con experiencia profesional con la que sumar puntos al proceso.<\/p>\n<p>En Extremadura, mis contratos en el sistema sanitario p\u00fablico no superan los dos meses, cada vez en una ciudad diferente de Extremadura. Con la calidad de los contratos que tenemos las enfermeras en nuestra regi\u00f3n, no podemos permitirnos el trabajar solo en ciudades cerca de nuestra casa, as\u00ed mismo, tampoco podemos permitirnos el independizarnos de casa, a lo sumo, podemos mantenernos unos meses en la ciudad en la que nos den el contrato.<\/p>\n<p>Ahora todos nos llaman h\u00e9roes por hacer lo que venimos haciendo desde hace siglos, por desgracia, cuando todo esto pase, volveremos a recibir el mismo maltrato por parte de la administraci\u00f3n y en muchas ocasiones, tambi\u00e9n por parte de nuestros pacientes, no olvidemos que las enfermeras de Espa\u00f1a recibimos unas 1500 agresiones al a\u00f1o y en estos n\u00fameros no entran muchas de las faltas de respeto que recibimos cada d\u00eda.<\/p>\n<p>&nbsp;<\/p>\n","protected":false},"excerpt":{"rendered":"<p>&nbsp; Nombre: Pedro Edad: 25 a\u00f1os Acab\u00e9 la carrera con 21 a\u00f1os, desde entonces, en estos 4 a\u00f1os y medio que llevo siendo enfermero, he acumulado una veintena de contratos donde el m\u00e1s largo ha sido de 4 meses y por desgracia, fuera de Extremadura. Adem\u00e1s, he trabajado como aut\u00f3nomo durante 3 meses. Desde que [&hellip;]<\/p>\n","protected":false},"author":1,"featured_media":0,"parent":533,"menu_order":8,"comment_status":"closed","ping_status":"closed","template":"","meta":{"_genesis_hide_title":false,"_genesis_hide_breadcrumbs":false,"_genesis_hide_singular_image":false,"_genesis_hide_footer_widgets":false,"_genesis_custom_body_class":"","_genesis_custom_post_class":"","_genesis_layout":"","footnotes":""},"class_list":{"0":"post-1253","1":"page","2":"type-page","3":"status-publish","5":"entry"},"_links":{"self":[{"href":"https:\/\/museodelaprecariedad.cjex.org\/index.php\/wp-json\/wp\/v2\/pages\/1253","targetHints":{"allow":["GET"]}}],"collection":[{"href":"https:\/\/museodelaprecariedad.cjex.org\/index.php\/wp-json\/wp\/v2\/pages"}],"about":[{"href":"https:\/\/museodelaprecariedad.cjex.org\/index.php\/wp-json\/wp\/v2\/types\/page"}],"author":[{"embeddable":true,"href":"https:\/\/museodelaprecariedad.cjex.org\/index.php\/wp-json\/wp\/v2\/users\/1"}],"replies":[{"embeddable":true,"href":"https:\/\/museodelaprecariedad.cjex.org\/index.php\/wp-json\/wp\/v2\/comments?post=1253"}],"version-history":[{"count":3,"href":"https:\/\/museodelaprecariedad.cjex.org\/index.php\/wp-json\/wp\/v2\/pages\/1253\/revisions"}],"predecessor-version":[{"id":1292,"href":"https:\/\/museodelaprecariedad.cjex.org\/index.php\/wp-json\/wp\/v2\/pages\/1253\/revisions\/1292"}],"up":[{"embeddable":true,"href":"https:\/\/museodelaprecariedad.cjex.org\/index.php\/wp-json\/wp\/v2\/pages\/533"}],"wp:attachment":[{"href":"https:\/\/museodelaprecariedad.cjex.org\/index.php\/wp-json\/wp\/v2\/media?parent=1253"}],"curies":[{"name":"wp","href":"https:\/\/api.w.org\/{rel}","templated":true}]}}