{"id":1250,"date":"2020-05-02T10:16:05","date_gmt":"2020-05-02T10:16:05","guid":{"rendered":"https:\/\/museodelaprecariedad.cjex.org\/?page_id=1250"},"modified":"2020-05-02T10:16:05","modified_gmt":"2020-05-02T10:16:05","slug":"mesa-de-profesor-de-universidad","status":"publish","type":"page","link":"https:\/\/museodelaprecariedad.cjex.org\/index.php\/coleccion\/mesa-de-profesor-de-universidad\/","title":{"rendered":"Mesa de Profesor de Universidad"},"content":{"rendered":"<p><img loading=\"lazy\" decoding=\"async\" class=\"size-full wp-image-1251 aligncenter\" src=\"https:\/\/museodelaprecariedad.cjex.org\/wp-content\/uploads\/2020\/05\/mesa-museo-precariedad-juvenil.jpg\" alt=\"\" width=\"1113\" height=\"1110\" srcset=\"https:\/\/museodelaprecariedad.cjex.org\/wp-content\/uploads\/2020\/05\/mesa-museo-precariedad-juvenil.jpg 1113w, https:\/\/museodelaprecariedad.cjex.org\/wp-content\/uploads\/2020\/05\/mesa-museo-precariedad-juvenil-300x300.jpg 300w, https:\/\/museodelaprecariedad.cjex.org\/wp-content\/uploads\/2020\/05\/mesa-museo-precariedad-juvenil-1024x1021.jpg 1024w, https:\/\/museodelaprecariedad.cjex.org\/wp-content\/uploads\/2020\/05\/mesa-museo-precariedad-juvenil-150x150.jpg 150w, https:\/\/museodelaprecariedad.cjex.org\/wp-content\/uploads\/2020\/05\/mesa-museo-precariedad-juvenil-768x766.jpg 768w, https:\/\/museodelaprecariedad.cjex.org\/wp-content\/uploads\/2020\/05\/mesa-museo-precariedad-juvenil-75x75.jpg 75w\" sizes=\"auto, (max-width: 1113px) 100vw, 1113px\" \/><\/p>\n<p>Nombre: Victor<br \/>\nEdad: 29 a\u00f1os<\/p>\n<p>Acab\u00e9 mi carrera de Doble Grado en Ciencias Pol\u00edticas y Sociolog\u00eda en Sevilla. Posteriormente, hice un M\u00e1ster en An\u00e1lisis en la misma universidad y me doctor\u00e9.<\/p>\n<p>Como no ten\u00eda una nota excelente, estuve haciendo todo el doctorado sin beca ni ayudas, mientras trabajaba en el sector de la hosteler\u00eda, porque quer\u00eda vivir en Extremadura cerca de mi familia y aqu\u00ed no tuve un solo trabajo relacionado con mis estudios, salvo unas pr\u00e1cticas remuneradas que duraron 4 meses y en las que me obligaron a hacer tareas como si fuese coordinador de \u00e1rea&#8230;cobrando menos de 600 euros.<\/p>\n<p>Cuando me doctor\u00e9, tard\u00e9 2 a\u00f1os en poder dar mi primera clase de universidad y&#8230;como profesor asociado, compagin\u00e1ndolo con mi trabajo como analista a media jornada.<\/p>\n<p>Las tareas de Profesor Asociado no son las que realmente le corresponden a dicha figura, y es muy complicado compaginarlo con otro trabajo (que por otro lado es lo necesario, porque si no no puedes ser profesor asociado). En definitiva: he hecho los deberes, me he formado, me he especializado y&#8230;a pesar de todo ello, no puedo tener expectativas de futuro porque mi contrato se acaba en 1 mes y mi sueldo no me va a permitir emanciparme ni tener estabilidad&#8230;<\/p>\n","protected":false},"excerpt":{"rendered":"<p>Nombre: Victor Edad: 29 a\u00f1os Acab\u00e9 mi carrera de Doble Grado en Ciencias Pol\u00edticas y Sociolog\u00eda en Sevilla. Posteriormente, hice un M\u00e1ster en An\u00e1lisis en la misma universidad y me doctor\u00e9. Como no ten\u00eda una nota excelente, estuve haciendo todo el doctorado sin beca ni ayudas, mientras trabajaba en el sector de la hosteler\u00eda, porque [&hellip;]<\/p>\n","protected":false},"author":1,"featured_media":0,"parent":533,"menu_order":0,"comment_status":"closed","ping_status":"closed","template":"","meta":{"_genesis_hide_title":false,"_genesis_hide_breadcrumbs":false,"_genesis_hide_singular_image":false,"_genesis_hide_footer_widgets":false,"_genesis_custom_body_class":"","_genesis_custom_post_class":"","_genesis_layout":"","footnotes":""},"class_list":{"0":"post-1250","1":"page","2":"type-page","3":"status-publish","5":"entry"},"_links":{"self":[{"href":"https:\/\/museodelaprecariedad.cjex.org\/index.php\/wp-json\/wp\/v2\/pages\/1250","targetHints":{"allow":["GET"]}}],"collection":[{"href":"https:\/\/museodelaprecariedad.cjex.org\/index.php\/wp-json\/wp\/v2\/pages"}],"about":[{"href":"https:\/\/museodelaprecariedad.cjex.org\/index.php\/wp-json\/wp\/v2\/types\/page"}],"author":[{"embeddable":true,"href":"https:\/\/museodelaprecariedad.cjex.org\/index.php\/wp-json\/wp\/v2\/users\/1"}],"replies":[{"embeddable":true,"href":"https:\/\/museodelaprecariedad.cjex.org\/index.php\/wp-json\/wp\/v2\/comments?post=1250"}],"version-history":[{"count":1,"href":"https:\/\/museodelaprecariedad.cjex.org\/index.php\/wp-json\/wp\/v2\/pages\/1250\/revisions"}],"predecessor-version":[{"id":1252,"href":"https:\/\/museodelaprecariedad.cjex.org\/index.php\/wp-json\/wp\/v2\/pages\/1250\/revisions\/1252"}],"up":[{"embeddable":true,"href":"https:\/\/museodelaprecariedad.cjex.org\/index.php\/wp-json\/wp\/v2\/pages\/533"}],"wp:attachment":[{"href":"https:\/\/museodelaprecariedad.cjex.org\/index.php\/wp-json\/wp\/v2\/media?parent=1250"}],"curies":[{"name":"wp","href":"https:\/\/api.w.org\/{rel}","templated":true}]}}