{"id":1219,"date":"2020-04-29T10:17:50","date_gmt":"2020-04-29T10:17:50","guid":{"rendered":"https:\/\/museodelaprecariedad.cjex.org\/?page_id=1219"},"modified":"2020-04-30T08:08:13","modified_gmt":"2020-04-30T08:08:13","slug":"aprende-sobre-arte-precario","status":"publish","type":"page","link":"https:\/\/museodelaprecariedad.cjex.org\/index.php\/aprende-sobre-arte-precario\/","title":{"rendered":"Manifiesto Arte de la Precariedad Juvenil"},"content":{"rendered":"<p>\u00bfPuede un objeto, en sus m\u00faltiples formas abarcar la intenci\u00f3n pol\u00edtica? El Arte de la Precariedad Juvenil busca nuevas formas de intervenci\u00f3n pol\u00edtica, abre nuevas formas de concienciaci\u00f3n acci\u00f3n que van m\u00e1s all\u00e1 de los paradigmas tradicionales del arte o del activismo.<\/p>\n<p>Pretendemos sacar las representaciones de miles de realidades juveniles de sus circuitos tradicionales y ponerlas en el dominio de la vida cotidiana y del espacio p\u00fablico. As\u00ed podremos, no solo representar la realidad, si no involucrarnos en su transformaci\u00f3n.<\/p>\n<p>El Arte de la Precariedad Juvenil utiliza objetos de la vida cotidiana para crear conciencia, movilizar e inspirar al espectador. No pretendemos cambiar el mundo a trav\u00e9s de la creaci\u00f3n, sino que tenemos la convicci\u00f3n de que el cambio toma forma a trav\u00e9s de actos y conciencia individuales y a trav\u00e9s de invitar a la reflexi\u00f3n. Trabajando juntas d\u00eda a d\u00eda podemos fomentar la construcci\u00f3n de una sociedad m\u00e1s consciente, justa, inclusiva y sostenible para las personas j\u00f3venes. Por ello:<\/p>\n<p>&nbsp;<\/p>\n<ul>\n<li>El Museo de la Precariedad Juvenil est\u00e1 abierto para todas las personas. Cualquiera que lo desee puede participar. \u2028\u2028- Pretendemos dar voz y visibilizar a la juventud silenciada en la mayor\u00eda de los espacios .<\/li>\n<li>El Museo debe ofrecer un espacio para la movilizaci\u00f3n pero tambi\u00e9n para la socializaci\u00f3n, ponernos en contacto con otras personas que tienen nuestros mismos y acuciantes problemas para encontrar fuerza en la conexi\u00f3n.<\/li>\n<li>Invitamos a compartir emociones, deseos y sobre todo a impulsar la solidaridad.<\/li>\n<li>Pueden ser historias po\u00e9ticas, alegres, oscuras, creativas, divertidas, rid\u00edculas, el \u00fanico l\u00edmite es que se hayan vivido.<\/li>\n<li>Este Museo debe servir para agitar el cambio social y exigir nuevas formas de acci\u00f3n pol\u00edticas. Queremos reinventar nuestras vidas con el ejemplo de cada una de vosotras y vosotros.<\/li>\n<\/ul>\n<p>&nbsp;<\/p>\n","protected":false},"excerpt":{"rendered":"<p>\u00bfPuede un objeto, en sus m\u00faltiples formas abarcar la intenci\u00f3n pol\u00edtica? El Arte de la Precariedad Juvenil busca nuevas formas de intervenci\u00f3n pol\u00edtica, abre nuevas formas de concienciaci\u00f3n acci\u00f3n que van m\u00e1s all\u00e1 de los paradigmas tradicionales del arte o del activismo. Pretendemos sacar las representaciones de miles de realidades juveniles de sus circuitos tradicionales [&hellip;]<\/p>\n","protected":false},"author":1,"featured_media":0,"parent":0,"menu_order":0,"comment_status":"closed","ping_status":"closed","template":"","meta":{"_genesis_hide_title":false,"_genesis_hide_breadcrumbs":false,"_genesis_hide_singular_image":false,"_genesis_hide_footer_widgets":false,"_genesis_custom_body_class":"","_genesis_custom_post_class":"","_genesis_layout":"","footnotes":""},"class_list":{"0":"post-1219","1":"page","2":"type-page","3":"status-publish","5":"entry"},"_links":{"self":[{"href":"https:\/\/museodelaprecariedad.cjex.org\/index.php\/wp-json\/wp\/v2\/pages\/1219","targetHints":{"allow":["GET"]}}],"collection":[{"href":"https:\/\/museodelaprecariedad.cjex.org\/index.php\/wp-json\/wp\/v2\/pages"}],"about":[{"href":"https:\/\/museodelaprecariedad.cjex.org\/index.php\/wp-json\/wp\/v2\/types\/page"}],"author":[{"embeddable":true,"href":"https:\/\/museodelaprecariedad.cjex.org\/index.php\/wp-json\/wp\/v2\/users\/1"}],"replies":[{"embeddable":true,"href":"https:\/\/museodelaprecariedad.cjex.org\/index.php\/wp-json\/wp\/v2\/comments?post=1219"}],"version-history":[{"count":5,"href":"https:\/\/museodelaprecariedad.cjex.org\/index.php\/wp-json\/wp\/v2\/pages\/1219\/revisions"}],"predecessor-version":[{"id":1235,"href":"https:\/\/museodelaprecariedad.cjex.org\/index.php\/wp-json\/wp\/v2\/pages\/1219\/revisions\/1235"}],"wp:attachment":[{"href":"https:\/\/museodelaprecariedad.cjex.org\/index.php\/wp-json\/wp\/v2\/media?parent=1219"}],"curies":[{"name":"wp","href":"https:\/\/api.w.org\/{rel}","templated":true}]}}