{"id":1091,"date":"2016-09-27T16:22:00","date_gmt":"2016-09-27T16:22:00","guid":{"rendered":"http:\/\/themedemo.me\/infinity\/?page_id=995"},"modified":"2020-04-29T06:52:34","modified_gmt":"2020-04-29T06:52:34","slug":"blusa-tienda","status":"publish","type":"page","link":"https:\/\/museodelaprecariedad.cjex.org\/index.php\/coleccion\/blusa-tienda\/","title":{"rendered":"Blusa en tienda de ropa"},"content":{"rendered":"\r\n<figure class=\"wp-block-image size-large\"><img loading=\"lazy\" decoding=\"async\" width=\"1024\" height=\"1021\" class=\"wp-image-1139\" src=\"https:\/\/museodelaprecariedad.cjex.org\/wp-content\/uploads\/2020\/04\/Tienda-ropa-precaria-1024x1021.png\" alt=\"\" srcset=\"https:\/\/museodelaprecariedad.cjex.org\/wp-content\/uploads\/2020\/04\/Tienda-ropa-precaria-1024x1021.png 1024w, https:\/\/museodelaprecariedad.cjex.org\/wp-content\/uploads\/2020\/04\/Tienda-ropa-precaria-300x300.png 300w, https:\/\/museodelaprecariedad.cjex.org\/wp-content\/uploads\/2020\/04\/Tienda-ropa-precaria-150x150.png 150w, https:\/\/museodelaprecariedad.cjex.org\/wp-content\/uploads\/2020\/04\/Tienda-ropa-precaria-768x766.png 768w, https:\/\/museodelaprecariedad.cjex.org\/wp-content\/uploads\/2020\/04\/Tienda-ropa-precaria-75x75.png 75w, https:\/\/museodelaprecariedad.cjex.org\/wp-content\/uploads\/2020\/04\/Tienda-ropa-precaria.png 1113w\" sizes=\"auto, (max-width: 1024px) 100vw, 1024px\" \/><\/figure>\r\n\r\n<p>&nbsp;<\/p>\r\n<p>Tengo dos carreras porque hice un doble grado de ADE y Turismo. Estuve de Erasmus y aprend\u00ed un segundo idioma: el italiano.<\/p>\r\n<p>Tuve mi primer contrato en una de las empresas que m\u00e1s facturan de Extremadura y la realidad fue muy triste: me pagaban la mitad de lo estipulado y, a veces, parte de ese dinero me lo daban en met\u00e1lico, es decir, en negro.<br \/>La mayor\u00eda de los meses se retrasaban y, si alguna vez me quejaba, me dec\u00edan que, ya que ten\u00eda novio, \u00e9l pod\u00eda mantenerme.<\/p>\r\n<p>En la entrevista de trabajo y tambi\u00e9n algunas veces me preguntaban si quer\u00eda ser madre, repiti\u00e9ndome una y otra vez que mientras que estuviese trabajando all\u00ed, mejor no.<br \/>Cuando alguna chica nueva entraba (los puestos de trabajo estaban muy diferenciados por sexos, y las que est\u00e1bamos de cara al p\u00fablico siempre \u00e9ramos mujeres), nos ense\u00f1aban su curr\u00edculum y su foto y nos preguntaban si la conoc\u00edamos, si era de quejarse mucho y si ten\u00eda relaci\u00f3n alguna con los sindicatos: no quer\u00edan a nadie rebelde.<br \/>En verano, no nos pon\u00edan el aire acondicionado y pas\u00e1bamos mucho calor: a pesar de todo, las clientas y los clientes segu\u00edan comprando.<br \/>Ten\u00eda muchas compa\u00f1eras en las mismas condiciones y, algunas de ellas, no pod\u00edan abrir la boca porque ten\u00edan hijas e hijos a los que alimentar. Las que no ten\u00edamos nadie a cargo, nos fuimos yendo poco a poco.<br \/>Actualmente trabajo en una tienda de ropa que pertenece a una cadena, y hay mucha competitividad, si no llegamos a los objetivos marcados, nuestro sueldo es una miseria.<br \/>En estas condiciones, y aunque mi pareja trabaja, no podemos plantearnos, ni siquiera a medio plazo, tener hijas e hijos.<\/p>","protected":false},"excerpt":{"rendered":"<p>&nbsp; Tengo dos carreras porque hice un doble grado de ADE y Turismo. Estuve de Erasmus y aprend\u00ed un segundo idioma: el italiano. Tuve mi primer contrato en una de las empresas que m\u00e1s facturan de Extremadura y la realidad fue muy triste: me pagaban la mitad de lo estipulado y, a veces, parte de [&hellip;]<\/p>\n","protected":false},"author":1,"featured_media":1139,"parent":533,"menu_order":3,"comment_status":"closed","ping_status":"closed","template":"","meta":{"_genesis_hide_title":false,"_genesis_hide_breadcrumbs":false,"_genesis_hide_singular_image":false,"_genesis_hide_footer_widgets":false,"_genesis_custom_body_class":"","_genesis_custom_post_class":"","_genesis_layout":"full-width-content","footnotes":""},"class_list":{"0":"post-1091","1":"page","2":"type-page","3":"status-publish","4":"has-post-thumbnail","6":"entry"},"_links":{"self":[{"href":"https:\/\/museodelaprecariedad.cjex.org\/index.php\/wp-json\/wp\/v2\/pages\/1091","targetHints":{"allow":["GET"]}}],"collection":[{"href":"https:\/\/museodelaprecariedad.cjex.org\/index.php\/wp-json\/wp\/v2\/pages"}],"about":[{"href":"https:\/\/museodelaprecariedad.cjex.org\/index.php\/wp-json\/wp\/v2\/types\/page"}],"author":[{"embeddable":true,"href":"https:\/\/museodelaprecariedad.cjex.org\/index.php\/wp-json\/wp\/v2\/users\/1"}],"replies":[{"embeddable":true,"href":"https:\/\/museodelaprecariedad.cjex.org\/index.php\/wp-json\/wp\/v2\/comments?post=1091"}],"version-history":[{"count":5,"href":"https:\/\/museodelaprecariedad.cjex.org\/index.php\/wp-json\/wp\/v2\/pages\/1091\/revisions"}],"predecessor-version":[{"id":1184,"href":"https:\/\/museodelaprecariedad.cjex.org\/index.php\/wp-json\/wp\/v2\/pages\/1091\/revisions\/1184"}],"up":[{"embeddable":true,"href":"https:\/\/museodelaprecariedad.cjex.org\/index.php\/wp-json\/wp\/v2\/pages\/533"}],"wp:featuredmedia":[{"embeddable":true,"href":"https:\/\/museodelaprecariedad.cjex.org\/index.php\/wp-json\/wp\/v2\/media\/1139"}],"wp:attachment":[{"href":"https:\/\/museodelaprecariedad.cjex.org\/index.php\/wp-json\/wp\/v2\/media?parent=1091"}],"curies":[{"name":"wp","href":"https:\/\/api.w.org\/{rel}","templated":true}]}}